{"id":2553,"date":"2022-11-08T16:05:57","date_gmt":"2022-11-08T21:05:57","guid":{"rendered":"https:\/\/po-plus.com\/politiques-de-confidentialite\/"},"modified":"2022-11-10T09:09:23","modified_gmt":"2022-11-10T14:09:23","slug":"privacy-policies","status":"publish","type":"page","link":"https:\/\/po-plus.com\/en\/privacy-policies\/","title":{"rendered":"Privacy policies"},"content":{"rendered":"<style>#kt-layout-id_0fb28d-04 > .kt-row-column-wrap{align-content:start;}:where(#kt-layout-id_0fb28d-04 > .kt-row-column-wrap) > .wp-block-kadence-column{justify-content:start;}#kt-layout-id_0fb28d-04 > .kt-row-column-wrap{column-gap:var(--global-kb-gap-md, 2rem);row-gap:var(--global-kb-gap-md, 2rem);max-width:var( --global-content-width, 1290px );padding-left:var(--global-content-edge-padding);padding-right:var(--global-content-edge-padding);padding-top:var( --global-kb-row-default-top, 25px );padding-bottom:var( --global-kb-row-default-bottom, 25px );padding-top:14px;padding-bottom:58px;grid-template-columns:minmax(0, 1fr);}#kt-layout-id_0fb28d-04 > .kt-row-layout-overlay{opacity:0.30;}@media all and (max-width: 1024px){#kt-layout-id_0fb28d-04 > .kt-row-column-wrap{grid-template-columns:minmax(0, 1fr);}}@media all and (max-width: 767px){#kt-layout-id_0fb28d-04 > .kt-row-column-wrap{grid-template-columns:minmax(0, 1fr);}}<\/style>\n<section class=\"wp-block-kadence-rowlayout alignfull\"><div id=\"kt-layout-id_0fb28d-04\" class=\"kt-row-layout-inner kt-layout-id_0fb28d-04\"><div class=\"kt-row-column-wrap kt-has-1-columns kt-gutter-default kt-v-gutter-default kt-row-valign-top kt-row-layout-equal kt-tab-layout-inherit kt-m-colapse-left-to-right kt-mobile-layout-row kb-theme-content-width\"><style>.kadence-column_0a293b-d5 > .kt-inside-inner-col{border-top-width:0px;border-right-width:0px;border-bottom-width:0px;border-left-width:0px;}.kadence-column_0a293b-d5 > .kt-inside-inner-col,.kadence-column_0a293b-d5 > .kt-inside-inner-col:before{border-top-left-radius:0px;border-top-right-radius:0px;border-bottom-right-radius:0px;border-bottom-left-radius:0px;}.kadence-column_0a293b-d5 > .kt-inside-inner-col{column-gap:var(--global-kb-gap-sm, 1rem);}.kadence-column_0a293b-d5 > .kt-inside-inner-col{flex-direction:column;}.kadence-column_0a293b-d5 > .kt-inside-inner-col > .aligncenter{width:100%;}.kadence-column_0a293b-d5 > .kt-inside-inner-col:before{opacity:0.3;}.kadence-column_0a293b-d5{position:relative;}@media all and (max-width: 1024px){.kadence-column_0a293b-d5 > .kt-inside-inner-col{flex-direction:column;justify-content:center;}}@media all and (max-width: 767px){.kadence-column_0a293b-d5 > .kt-inside-inner-col{flex-direction:column;justify-content:center;}}<\/style>\n<div class=\"wp-block-kadence-column inner-column-1 kadence-column_0a293b-d5\"><div class=\"kt-inside-inner-col\">\n<h2 class=\"wp-block-heading\">Application of the privacy policy<\/h2>\n\n\n\n<p>The Policy defines the way Po+ M\u00e9decine et esth\u00e9tique, uses and protects the information voluntarily provided by its website users and automatically transmitted by their Internet servers. This Policy applies to the entire site https:\/\/po-plus.com as well as to the products and services offered by Po+ M\u00e9decine et esth\u00e9tique.<\/p>\n\n\n\n<p>The Policy also explains how to change or update your personal information and how to contact Po+ M\u00e9decine et esth\u00e9tique with any questions, suggestions or comments.<\/p>\n\n\n\n<p>Po+ M\u00e9decine et esth\u00e9tique reserves the right, at any time, to change its Policy without prior notice. We recommend that you carefully read our Policy and consult it regularly.<\/p>\n\n\n\n<h2 class=\"wp-block-heading\">What personal data we collect and why we collect it<\/h2>\n\n\n\n<p>Two types of information are collected on our website.<\/p>\n\n\n\n<h5 class=\"wp-block-heading\">a) Personal Information<\/h5>\n\n\n\n<p>For the purposes of this Policy, the term \u201cpersonal information\u201d refers to any information enabling the identification of a person. Any action related to an online order, subscription, resum\u00e9 submission, or contact form requires the voluntary transmission of your personal information. When this information is needed to process your request, you will be advised to this effect.<\/p>\n\n\n\n<p>This information includes the following data collected by Po+ M\u00e9decine et esth\u00e9tique:<\/p>\n\n\n\n<ul class=\"wp-block-list\">\n<li>First and last name<\/li>\n\n\n\n<li>Sex<\/li>\n\n\n\n<li>Street address<\/li>\n\n\n\n<li>Email address<\/li>\n\n\n\n<li>Telephone number<\/li>\n\n\n\n<li>Credit card number<\/li>\n<\/ul>\n\n\n\n<p><em>NB this list is not exhaustive and may be changed without prior notice.<\/em><\/p>\n\n\n\n<h5 class=\"wp-block-heading\">b) Non-Personal Information<\/h5>\n\n\n\n<p>For the purposes of this policy, the term \u201cnon-personal information\u201d refers to the anonymous information generally recorded by Internet servers, such as Internet Protocol address (IP address), date and time of access, as well as operating system and browser used.<\/p>\n\n\n\n<p>Our visitors\u2019 demographic statistics (age group, country, language of correspondence, etc.) and browsing habits (pages viewed, number of visits, length of consultation, etc.) are also considered non-personal information.<\/p>\n\n\n\n<p>Po+ M\u00e9decine et esth\u00e9tique primarily collects this type of information using cookies, or small data files that browsers install on a user\u2019s hard drive when they first visit a website.<\/p>\n\n\n\n<h5 class=\"wp-block-heading\">a) Personal Information<\/h5>\n\n\n\n<p>For the purposes of this Policy, the term \u201cpersonal information\u201d refers to any information enabling the identification of a person. Any action related to an online order, subscription, resum\u00e9 submission, or contact form requires the voluntary transmission of your personal information. When this information is needed to process your request, you will be advised to this effect.<\/p>\n\n\n\n<p>This information includes the following data collected by Po+ M\u00e9decine et esth\u00e9tique:<\/p>\n\n\n\n<ul class=\"wp-block-list\">\n<li>First and last name<\/li>\n\n\n\n<li>Sex<\/li>\n\n\n\n<li>Street address<\/li>\n\n\n\n<li>Email address<\/li>\n\n\n\n<li>Telephone number<\/li>\n\n\n\n<li>Credit card number<\/li>\n<\/ul>\n\n\n\n<p><em>NB this list is not exhaustive and may be changed without prior notice.<\/em><\/p>\n\n\n\n<h5 class=\"wp-block-heading\">b) Non-Personal Information<\/h5>\n\n\n\n<p>For the purposes of this policy, the term \u201cnon-personal information\u201d refers to the anonymous information generally recorded by Internet servers, such as Internet Protocol address (IP address), date and time of access, as well as operating system and browser used.<\/p>\n\n\n\n<p>Our visitors\u2019 demographic statistics (age group, country, language of correspondence, etc.) and browsing habits (pages viewed, number of visits, length of consultation, etc.) are also considered non-personal information.<\/p>\n\n\n\n<p>Po+ M\u00e9decine et esth\u00e9tique primarily collects this type of information using cookies, or small data files that browsers install on a user\u2019s hard drive when they first visit a website.<\/p>\n\n\n\n<p>The user data is collected to allow Po+ M\u00e9decine et esth\u00e9tique to provide its services, as well as for the following purposes: advertising, analytics, contacting the user, interaction with external social networks and platforms, registration and authentication, handling payments, managing contacts and sending messages, remarketing and behavioural targeting.<\/p>\n\n\n\n<h5 class=\"wp-block-heading\">a) Personal Information<\/h5>\n\n\n\n<p><strong>Contact Information<br><\/strong>The contact information voluntarily provided by the users of our website https:\/\/po-plus.com may be used for the following reasons: to confirm the requested booking; to send information about our company\u2019s products and services; to contact them if necessary; to understand their needs; and to determine their satisfaction level using a survey.<\/p>\n\n\n\n<h5 class=\"wp-block-heading\">b) Non-Personal Information<\/h5>\n\n\n\n<p><strong>Cookies<br><\/strong>The use of cookies allows Po+ M\u00e9decine et esth\u00e9tique to compile statistics enabling it to analyze its website traffic and create online ads.<\/p>\n\n\n\n<p><strong>Analytic tool&nbsp;<\/strong><br>Our company uses Google Analytics web analysis to better understand the web behaviour of those who use our website https:\/\/po-plus.com. We may use this data to improve our website\u2019s structure. Google Analytics also allows us to determine our current or potential clients\u2019 profiles with a view to improving our offer of products and services.<\/p>\n\n\n\n<p>To collect anonymous information and produce statistical reports, Google Analytics may use cookies, but without identifying you personally.<\/p>\n\n\n\n<p><strong>Advertising and remarketing&nbsp;<\/strong><br>To promote its products and services on the Internet and increase traffic to its website, Po+ M\u00e9decine et esth\u00e9tique uses Google AdWords and Facebook Ads programs. These tools use cookies and other technologies to track and analyze data, assess content popularity, better understand the online activities of users and post targeted advertisements (taking into account the user interests, visited websites or demographics). Po+ M\u00e9decine et esth\u00e9tique uses Google AdWords and Facebook Ads in order to better meet the needs of its customers and display ads that may interest them.<\/p>\n\n\n\n<p><strong>How to deactivate cookies<\/strong><br>Any user can activate or deactivate the use of cookies by Google. To do so, visit&nbsp;<a href=\"https:\/\/support.google.com\/accounts\/answer\/61416?hl=en\" target=\"_blank\" rel=\"noreferrer noopener\">https:\/\/support.google.com\/accounts\/answer\/61416?hl=en<\/a>.<\/p>\n\n\n\n<p>You can also opt out of interest-based or demographically targeted ads on Google by consulting the<a href=\"https:\/\/support.google.com\/ads\/answer\/2662922?hl=en\" target=\"_blank\" rel=\"noreferrer noopener\">&nbsp;Google Ads Preferences Manager<\/a>. When you deactivate these settings, ads are not blocked. They continue to appear, but are generally no longer connected to your interests, your demographic data or the websites you have visited.<\/p>\n\n\n\n<h3 class=\"wp-block-heading\">Comments<\/h3>\n\n\n\n<p>When visitors leave comments on the site we collect the data shown in the comments form, and also the visitor\u2019s IP address and browser user agent string to help spam detection.<\/p>\n\n\n\n<p>An anonymized string created from your email address (also called a hash) may be provided to the Gravatar service to see if you are using it. The Gravatar service privacy policy is available here: https:\/\/automattic.com\/privacy\/. After approval of your comment, your profile picture is visible to the public in the context of your comment.<\/p>\n\n\n\n<h3 class=\"wp-block-heading\">Media<\/h3>\n\n\n\n<p>If you upload images to the website, you should avoid uploading images with embedded location data (EXIF GPS) included. Visitors to the website can download and extract any location data from images on the website.<\/p>\n\n\n\n<h3 class=\"wp-block-heading\">Cookies<\/h3>\n\n\n\n<p>If you leave a comment on our site you may opt-in to saving your name, email address and website in cookies. These are for your convenience so that you do not have to fill in your details again when you leave another comment. These cookies will last for one year.<\/p>\n\n\n\n<p>If you have an account and you log in to this site, we will set a temporary cookie to determine if your browser accepts cookies. This cookie contains no personal data and is discarded when you close your browser.<\/p>\n\n\n\n<p>When you log in, we will also set up several cookies to save your login information and your screen display choices. Login cookies last for two days, and screen options cookies last for a year. If you select \u201cRemember Me\u201d, your login will persist for two weeks. If you log out of your account, the login cookies will be removed.<\/p>\n\n\n\n<p>If you edit or publish an article, an additional cookie will be saved in your browser. This cookie includes no personal data and simply indicates the post ID of the article you just edited. It expires after 1 day.<\/p>\n\n\n\n<h3 class=\"wp-block-heading\">Embedded content from other websites<\/h3>\n\n\n\n<p>Articles on this site may include embedded content (e.g. videos, images, articles, etc.). Embedded content from other websites behaves in the exact same way as if the visitor has visited the other website.<\/p>\n\n\n\n<p>These websites may collect data about you, use cookies, embed additional third-party tracking, and monitor your interaction with that embedded content, including tracking your interaction with the embedded content if you have an account and are logged in to that website.<\/p>\n\n\n\n<h2 class=\"wp-block-heading\">Who we share your data with<\/h2>\n\n\n\n<p>All information provided by users of our website, whether personal or non-personal, will be kept private. All Po+ M\u00e9decine et esth\u00e9tique employees are required to comply with this Policy.<\/p>\n\n\n\n<p>Use of this data is reserved for Po+ M\u00e9decine et esth\u00e9tique and for the partners and suppliers with whom it conducts business. Information will be provided to these parties only if Po+ M\u00e9decine et esth\u00e9tique considers that this disclosure is required for the provision of its products and services.<\/p>\n\n\n\n<p>In no other case will the disclosure of your information to a third party be authorized. In the event that Po+ M\u00e9decine et esth\u00e9tique needs to provide personal information to a party whose services are not used by Po+ M\u00e9decine et esth\u00e9tique, you will be given prior written notification to this effect. Only your express consent can authorize such disclosure.<\/p>\n\n\n\n<h2 class=\"wp-block-heading\">How long we retain your data<\/h2>\n\n\n\n<p>If you leave a comment, the comment and its metadata are retained indefinitely. This is so we can recognize and approve any follow-up comments automatically instead of holding them in a moderation queue.<\/p>\n\n\n\n<p>For users that register on our website (if any), we also store the personal information they provide in their user profile. All users can see, edit, or delete their personal information at any time (except they cannot change their username). Website administrators can also see and edit that information.<\/p>\n\n\n\n<h2 class=\"wp-block-heading\">What rights you have over your data<\/h2>\n\n\n\n<p>If you have an account on this site, or have left comments, you can request to receive an exported file of the personal data we hold about you, including any data you have provided to us. You can also request that we erase any personal data we hold about you. This does not include any data we are obliged to keep for administrative, legal, or security purposes.<\/p>\n\n\n\n<h2 class=\"wp-block-heading\">Where we send your data<\/h2>\n\n\n\n<p>Visitor comments may be checked through an automated spam detection service.<\/p>\n\n\n\n<h2 class=\"wp-block-heading\">Additional information<\/h2>\n\n\n\n<h3 class=\"wp-block-heading\">How we protect your data<\/h3>\n\n\n\n<p>We make every reasonable effort to safeguard the security of the personal information provided by our website users. An in-house technician oversees the operation of our server as well as the forms used for our website. Furthermore, Po+ M\u00e9decine et esth\u00e9tique has adopted appropriate security measures to protect its clients against the loss or unauthorized use of their personal information, including credit card data.<\/p>\n\n\n\n<h3 class=\"wp-block-heading\">What third parties we receive data from<\/h3>\n\n\n\n<p>Some information, as defined in section 3b), may be collected by a third party. Po+ M\u00e9decine et esth\u00e9tique uses statistics from certain social media, such as Facebook, and certain tools, such as Google Analytics, to collect data on its users and their browsing patterns. When this information is used for the personal purposes of Po+ M\u00e9decine et esth\u00e9tique, it is protected under this Policy. These tools can, however, also collect information for their own use. In this event, your information is gathered, used and protected under their respective privacy policies:&nbsp;<a href=\"https:\/\/www.facebook.com\/customaudiences\/app\/tos\/\">Facebook Privacy Policy<\/a>&nbsp;\u2013&nbsp;<a href=\"https:\/\/www.google.com\/intl\/fr-CA\/policies\/privacy\/\">Google Privacy Policy<\/a>.<\/p>\n\n\n\n<h2 class=\"wp-block-heading\">Withdrawal and Correction of Your Personal Information<\/h2>\n\n\n\n<p>To withdraw your name from Po+ M\u00e9decine et esth\u00e9tique email lists or to change personal information you have provided, please send us a request by email at&nbsp;<a href=\"mailto:\">.<\/a><\/p>\n\n\n\n<h2 class=\"wp-block-heading\">Questions or comments<\/h2>\n\n\n\n<p>Our company encourages you to send us information requests, suggestions or comments related to this Privacy Policy. We can be <a href=\"&#x6d;&#x61;&#x69;&#x6c;&#116;&#111;:in&#x66;&#x6f;&#x40;&#x70;&#111;&#45;plu&#x73;&#x2e;&#x63;&#x6f;&#109;\">contacted by email<\/a> at&nbsp;any time.<\/p>\n<\/div><\/div>\n<\/div><\/div><\/section>\n","protected":false},"excerpt":{"rendered":"<p>Application of the privacy policy The Policy defines the way , uses and protects the information voluntarily provided by its website users and automatically transmitted by their Internet servers. This Policy applies to the entire site as well as to the products and services offered by . The Policy also explains how to change or&#8230;<\/p>\n","protected":false},"author":34,"featured_media":0,"parent":0,"menu_order":0,"comment_status":"closed","ping_status":"closed","template":"","meta":{"_kad_blocks_custom_css":"","_kad_blocks_head_custom_js":"","_kad_blocks_body_custom_js":"","_kad_blocks_footer_custom_js":"","_kadence_starter_templates_imported_post":false,"_kad_post_transparent":"","_kad_post_title":"","_kad_post_layout":"normal","_kad_post_sidebar_id":"","_kad_post_content_style":"","_kad_post_vertical_padding":"","_kad_post_feature":"","_kad_post_feature_position":"","_kad_post_header":false,"_kad_post_footer":false,"_kad_post_classname":"","footnotes":""},"class_list":["post-2553","page","type-page","status-publish","hentry"],"yoast_head":"<!-- This site is optimized with the Yoast SEO plugin v27.2 - https:\/\/yoast.com\/product\/yoast-seo-wordpress\/ -->\n<title>Privacy policies | Po+ M\u00e9decine et esth\u00e9tique<\/title>\n<meta name=\"robots\" content=\"index, follow, max-snippet:-1, max-image-preview:large, max-video-preview:-1\" \/>\n<link rel=\"canonical\" href=\"https:\/\/po-plus.com\/en\/privacy-policies\/\" \/>\n<meta property=\"og:locale\" content=\"en_US\" \/>\n<meta property=\"og:type\" content=\"article\" \/>\n<meta property=\"og:title\" content=\"Privacy policies | Po+ M\u00e9decine et esth\u00e9tique\" \/>\n<meta property=\"og:description\" content=\"Application of the privacy policy The Policy defines the way , uses and protects the information voluntarily provided by its website users and automatically transmitted by their Internet servers. This Policy applies to the entire site as well as to the products and services offered by . The Policy also explains how to change or...\" \/>\n<meta property=\"og:url\" content=\"https:\/\/po-plus.com\/en\/privacy-policies\/\" \/>\n<meta property=\"og:site_name\" content=\"Po+ M\u00e9decine et esth\u00e9tique\" \/>\n<meta property=\"article:modified_time\" content=\"2022-11-10T14:09:23+00:00\" \/>\n<meta name=\"twitter:card\" content=\"summary_large_image\" \/>\n<meta name=\"twitter:label1\" content=\"Est. reading time\" \/>\n\t<meta name=\"twitter:data1\" content=\"10 minutes\" \/>\n<script type=\"application\/ld+json\" class=\"yoast-schema-graph\">{\"@context\":\"https:\/\/schema.org\",\"@graph\":[{\"@type\":\"WebPage\",\"@id\":\"https:\/\/po-plus.com\/en\/privacy-policies\/\",\"url\":\"https:\/\/po-plus.com\/en\/privacy-policies\/\",\"name\":\"Privacy policies | Po+ M\u00e9decine et esth\u00e9tique\",\"isPartOf\":{\"@id\":\"https:\/\/po-plus.com\/#website\"},\"datePublished\":\"2022-11-08T21:05:57+00:00\",\"dateModified\":\"2022-11-10T14:09:23+00:00\",\"breadcrumb\":{\"@id\":\"https:\/\/po-plus.com\/en\/privacy-policies\/#breadcrumb\"},\"inLanguage\":\"en-CA\",\"potentialAction\":[{\"@type\":\"ReadAction\",\"target\":[\"https:\/\/po-plus.com\/en\/privacy-policies\/\"]}]},{\"@type\":\"BreadcrumbList\",\"@id\":\"https:\/\/po-plus.com\/en\/privacy-policies\/#breadcrumb\",\"itemListElement\":[{\"@type\":\"ListItem\",\"position\":1,\"name\":\"Accueil\",\"item\":\"https:\/\/po-plus.com\/en\/accueil\/\"},{\"@type\":\"ListItem\",\"position\":2,\"name\":\"Privacy policies\"}]},{\"@type\":\"WebSite\",\"@id\":\"https:\/\/po-plus.com\/#website\",\"url\":\"https:\/\/po-plus.com\/\",\"name\":\"Po+ M\u00e9decine et esth\u00e9tique\",\"description\":\"Just another WordPress site\",\"publisher\":{\"@id\":\"https:\/\/po-plus.com\/#organization\"},\"potentialAction\":[{\"@type\":\"SearchAction\",\"target\":{\"@type\":\"EntryPoint\",\"urlTemplate\":\"https:\/\/po-plus.com\/?s={search_term_string}\"},\"query-input\":{\"@type\":\"PropertyValueSpecification\",\"valueRequired\":true,\"valueName\":\"search_term_string\"}}],\"inLanguage\":\"en-CA\"},{\"@type\":\"Organization\",\"@id\":\"https:\/\/po-plus.com\/#organization\",\"name\":\"PO+, M\u00e9decine & Esth\u00e9tique Magog-Orford\",\"url\":\"https:\/\/po-plus.com\/\",\"logo\":{\"@type\":\"ImageObject\",\"inLanguage\":\"en-CA\",\"@id\":\"https:\/\/po-plus.com\/#\/schema\/logo\/image\/\",\"url\":\"https:\/\/po-plus.com\/wp-content\/uploads\/2022\/11\/logo-po-plus-retina.png\",\"contentUrl\":\"https:\/\/po-plus.com\/wp-content\/uploads\/2022\/11\/logo-po-plus-retina.png\",\"width\":184,\"height\":80,\"caption\":\"PO+, M\u00e9decine & Esth\u00e9tique Magog-Orford\"},\"image\":{\"@id\":\"https:\/\/po-plus.com\/#\/schema\/logo\/image\/\"}}]}<\/script>\n<!-- \/ Yoast SEO plugin. -->","yoast_head_json":{"title":"Privacy policies | Po+ M\u00e9decine et esth\u00e9tique","robots":{"index":"index","follow":"follow","max-snippet":"max-snippet:-1","max-image-preview":"max-image-preview:large","max-video-preview":"max-video-preview:-1"},"canonical":"https:\/\/po-plus.com\/en\/privacy-policies\/","og_locale":"en_US","og_type":"article","og_title":"Privacy policies | Po+ M\u00e9decine et esth\u00e9tique","og_description":"Application of the privacy policy The Policy defines the way , uses and protects the information voluntarily provided by its website users and automatically transmitted by their Internet servers. This Policy applies to the entire site as well as to the products and services offered by . The Policy also explains how to change or...","og_url":"https:\/\/po-plus.com\/en\/privacy-policies\/","og_site_name":"Po+ M\u00e9decine et esth\u00e9tique","article_modified_time":"2022-11-10T14:09:23+00:00","twitter_card":"summary_large_image","twitter_misc":{"Est. reading time":"10 minutes"},"schema":{"@context":"https:\/\/schema.org","@graph":[{"@type":"WebPage","@id":"https:\/\/po-plus.com\/en\/privacy-policies\/","url":"https:\/\/po-plus.com\/en\/privacy-policies\/","name":"Privacy policies | Po+ M\u00e9decine et esth\u00e9tique","isPartOf":{"@id":"https:\/\/po-plus.com\/#website"},"datePublished":"2022-11-08T21:05:57+00:00","dateModified":"2022-11-10T14:09:23+00:00","breadcrumb":{"@id":"https:\/\/po-plus.com\/en\/privacy-policies\/#breadcrumb"},"inLanguage":"en-CA","potentialAction":[{"@type":"ReadAction","target":["https:\/\/po-plus.com\/en\/privacy-policies\/"]}]},{"@type":"BreadcrumbList","@id":"https:\/\/po-plus.com\/en\/privacy-policies\/#breadcrumb","itemListElement":[{"@type":"ListItem","position":1,"name":"Accueil","item":"https:\/\/po-plus.com\/en\/accueil\/"},{"@type":"ListItem","position":2,"name":"Privacy policies"}]},{"@type":"WebSite","@id":"https:\/\/po-plus.com\/#website","url":"https:\/\/po-plus.com\/","name":"Po+ M\u00e9decine et esth\u00e9tique","description":"Just another WordPress site","publisher":{"@id":"https:\/\/po-plus.com\/#organization"},"potentialAction":[{"@type":"SearchAction","target":{"@type":"EntryPoint","urlTemplate":"https:\/\/po-plus.com\/?s={search_term_string}"},"query-input":{"@type":"PropertyValueSpecification","valueRequired":true,"valueName":"search_term_string"}}],"inLanguage":"en-CA"},{"@type":"Organization","@id":"https:\/\/po-plus.com\/#organization","name":"PO+, M\u00e9decine & Esth\u00e9tique Magog-Orford","url":"https:\/\/po-plus.com\/","logo":{"@type":"ImageObject","inLanguage":"en-CA","@id":"https:\/\/po-plus.com\/#\/schema\/logo\/image\/","url":"https:\/\/po-plus.com\/wp-content\/uploads\/2022\/11\/logo-po-plus-retina.png","contentUrl":"https:\/\/po-plus.com\/wp-content\/uploads\/2022\/11\/logo-po-plus-retina.png","width":184,"height":80,"caption":"PO+, M\u00e9decine & Esth\u00e9tique Magog-Orford"},"image":{"@id":"https:\/\/po-plus.com\/#\/schema\/logo\/image\/"}}]}},"taxonomy_info":[],"featured_image_src_large":false,"author_info":{"display_name":"","author_link":"https:\/\/po-plus.com\/en\/author\/"},"comment_info":0,"_links":{"self":[{"href":"https:\/\/po-plus.com\/en\/wp-json\/wp\/v2\/pages\/2553","targetHints":{"allow":["GET"]}}],"collection":[{"href":"https:\/\/po-plus.com\/en\/wp-json\/wp\/v2\/pages"}],"about":[{"href":"https:\/\/po-plus.com\/en\/wp-json\/wp\/v2\/types\/page"}],"author":[{"embeddable":true,"href":"https:\/\/po-plus.com\/en\/wp-json\/wp\/v2\/users\/34"}],"replies":[{"embeddable":true,"href":"https:\/\/po-plus.com\/en\/wp-json\/wp\/v2\/comments?post=2553"}],"version-history":[{"count":9,"href":"https:\/\/po-plus.com\/en\/wp-json\/wp\/v2\/pages\/2553\/revisions"}],"predecessor-version":[{"id":2571,"href":"https:\/\/po-plus.com\/en\/wp-json\/wp\/v2\/pages\/2553\/revisions\/2571"}],"wp:attachment":[{"href":"https:\/\/po-plus.com\/en\/wp-json\/wp\/v2\/media?parent=2553"}],"curies":[{"name":"wp","href":"https:\/\/api.w.org\/{rel}","templated":true}]}}